{"id":12,"date":"2023-02-23T00:25:57","date_gmt":"2023-02-23T03:25:57","guid":{"rendered":"https:\/\/congressomineiro.com.br\/?page_id=12"},"modified":"2023-10-03T00:02:58","modified_gmt":"2023-10-03T03:02:58","slug":"apresentacao","status":"publish","type":"page","link":"https:\/\/sienesppge.com.br\/2023\/apresentacao\/","title":{"rendered":"Apresenta\u00e7\u00e3o"},"content":{"rendered":"\t\t<div data-elementor-type=\"wp-page\" data-elementor-id=\"12\" class=\"elementor elementor-12\" data-elementor-post-type=\"page\">\n\t\t\t\t\t\t<section class=\"elementor-section elementor-top-section elementor-element elementor-element-245951a1 elementor-section-height-min-height elementor-section-boxed elementor-section-height-default elementor-section-items-middle\" data-id=\"245951a1\" data-element_type=\"section\" data-e-type=\"section\" data-settings=\"{&quot;background_background&quot;:&quot;classic&quot;}\">\n\t\t\t\t\t\t\t<div class=\"elementor-background-overlay\"><\/div>\n\t\t\t\t\t\t\t<div class=\"elementor-container elementor-column-gap-default\">\n\t\t\t\t\t<div class=\"elementor-column elementor-col-100 elementor-top-column elementor-element elementor-element-600c2a89\" data-id=\"600c2a89\" data-element_type=\"column\" data-e-type=\"column\">\n\t\t\t<div class=\"elementor-widget-wrap elementor-element-populated\">\n\t\t\t\t\t\t\t<\/div>\n\t\t<\/div>\n\t\t\t\t\t<\/div>\n\t\t<\/section>\n\t\t\t\t<section class=\"elementor-section elementor-top-section elementor-element elementor-element-45515ed7 elementor-reverse-mobile elementor-section-boxed elementor-section-height-default elementor-section-height-default\" data-id=\"45515ed7\" data-element_type=\"section\" data-e-type=\"section\" data-settings=\"{&quot;background_background&quot;:&quot;classic&quot;}\">\n\t\t\t\t\t\t<div class=\"elementor-container elementor-column-gap-default\">\n\t\t\t\t\t<div class=\"elementor-column elementor-col-100 elementor-top-column elementor-element elementor-element-3574b9f7\" data-id=\"3574b9f7\" data-element_type=\"column\" data-e-type=\"column\">\n\t\t\t<div class=\"elementor-widget-wrap elementor-element-populated\">\n\t\t\t\t\t\t<div class=\"elementor-element elementor-element-39490c8a elementor-widget elementor-widget-text-editor\" data-id=\"39490c8a\" data-element_type=\"widget\" data-e-type=\"widget\" data-widget_type=\"text-editor.default\">\n\t\t\t\t<div class=\"elementor-widget-container\">\n\t\t\t\t\t\t\t\t\t<p>\u00c9 com grande prazer que o Programa de P\u00f3s Gradua\u00e7\u00e3o em Enfermagem da Universidade Federal de Pernambuco, convida voc\u00ea para participar do <strong>III SIMP\u00d3SIO INTERNACIONAL DE ENFERMAGEM E\u00a0EDUCA\u00c7\u00c3O EM SA\u00daDE\u00a0<\/strong>no per\u00edodo de 29\/11 a 01\/12 de 2023. O III SIENES debater\u00e1 o tema central: <strong>T<\/strong><strong>ecnologias do cuidado e da educa\u00e7\u00e3o em sa\u00fade na 4\u00aa e 5\u00aa revolu\u00e7\u00e3o industrial<\/strong><\/p><p>O evento se prop\u00f5e a promover debate cient\u00edfico sobre as perspectivas e desafios na forma\u00e7\u00e3o e atua\u00e7\u00e3o dos enfermeiros, outros profissionais de sa\u00fade e \u00e1reas afins no cuidado ao cidad\u00e3o, fam\u00edlia e comunidade para identificar, prevenir e solucionar problemas de sa\u00fade com a finalidade de promover qualidade de vida durante o per\u00edodo da 4\u00aa e 5\u00aa Revolu\u00e7\u00e3o Industrial.<\/p><p>O III SIENES ser\u00e1 realizado no Centro de Ci\u00eancias Sociais Aplicadas (CCSA)\u00a0no Campus da UFPE\/Recife\/Brasil.<\/p>\t\t\t\t\t\t\t\t<\/div>\n\t\t\t\t<\/div>\n\t\t\t\t<section class=\"elementor-section elementor-inner-section elementor-element elementor-element-21e956ef elementor-section-boxed elementor-section-height-default elementor-section-height-default\" data-id=\"21e956ef\" data-element_type=\"section\" data-e-type=\"section\">\n\t\t\t\t\t\t<div class=\"elementor-container elementor-column-gap-default\">\n\t\t\t\t\t<div class=\"elementor-column elementor-col-50 elementor-inner-column elementor-element elementor-element-6c1076ff\" data-id=\"6c1076ff\" data-element_type=\"column\" data-e-type=\"column\">\n\t\t\t<div class=\"elementor-widget-wrap elementor-element-populated\">\n\t\t\t\t\t\t<div class=\"elementor-element elementor-element-3bea3409 elementor-position-left elementor-vertical-align-middle elementor-widget elementor-widget-image-box\" data-id=\"3bea3409\" data-element_type=\"widget\" data-e-type=\"widget\" data-widget_type=\"image-box.default\">\n\t\t\t\t<div class=\"elementor-widget-container\">\n\t\t\t\t\t<div class=\"elementor-image-box-wrapper\"><figure class=\"elementor-image-box-img\"><img fetchpriority=\"high\" decoding=\"async\" width=\"300\" height=\"300\" src=\"https:\/\/sienesppge.com.br\/2023\/wp-content\/uploads\/2023\/10\/pesq-marcia.png\" class=\"attachment-full size-full wp-image-930\" alt=\"\" srcset=\"https:\/\/sienesppge.com.br\/2023\/wp-content\/uploads\/2023\/10\/pesq-marcia.png 300w, https:\/\/sienesppge.com.br\/2023\/wp-content\/uploads\/2023\/10\/pesq-marcia-150x150.png 150w\" sizes=\"(max-width: 300px) 100vw, 300px\" \/><\/figure><div class=\"elementor-image-box-content\"><h3 class=\"elementor-image-box-title\">Francisca M\u00e1rcia Pereira Linhares <\/h3><p class=\"elementor-image-box-description\">Coordenadora do PPGEnfermagem<\/p><\/div><\/div>\t\t\t\t<\/div>\n\t\t\t\t<\/div>\n\t\t\t\t\t<\/div>\n\t\t<\/div>\n\t\t\t\t<div class=\"elementor-column elementor-col-50 elementor-inner-column elementor-element elementor-element-259ffa18\" data-id=\"259ffa18\" data-element_type=\"column\" data-e-type=\"column\">\n\t\t\t<div class=\"elementor-widget-wrap elementor-element-populated\">\n\t\t\t\t\t\t<div class=\"elementor-element elementor-element-1ef7b888 elementor-position-left elementor-vertical-align-middle elementor-widget elementor-widget-image-box\" data-id=\"1ef7b888\" data-element_type=\"widget\" data-e-type=\"widget\" data-widget_type=\"image-box.default\">\n\t\t\t\t<div class=\"elementor-widget-container\">\n\t\t\t\t\t<div class=\"elementor-image-box-wrapper\"><figure class=\"elementor-image-box-img\"><img decoding=\"async\" width=\"300\" height=\"300\" src=\"https:\/\/sienesppge.com.br\/2023\/wp-content\/uploads\/2023\/10\/pesq-sheila.png\" class=\"attachment-full size-full wp-image-931\" alt=\"\" srcset=\"https:\/\/sienesppge.com.br\/2023\/wp-content\/uploads\/2023\/10\/pesq-sheila.png 300w, https:\/\/sienesppge.com.br\/2023\/wp-content\/uploads\/2023\/10\/pesq-sheila-150x150.png 150w\" sizes=\"(max-width: 300px) 100vw, 300px\" \/><\/figure><div class=\"elementor-image-box-content\"><h3 class=\"elementor-image-box-title\">Sheila Coelho Ramalho Vasconcelos<\/h3><p class=\"elementor-image-box-description\">Vice Coordenadora do PPGEnfermagem<\/p><\/div><\/div>\t\t\t\t<\/div>\n\t\t\t\t<\/div>\n\t\t\t\t\t<\/div>\n\t\t<\/div>\n\t\t\t\t\t<\/div>\n\t\t<\/section>\n\t\t\t\t\t<\/div>\n\t\t<\/div>\n\t\t\t\t\t<\/div>\n\t\t<\/section>\n\t\t\t\t<\/div>\n\t\t","protected":false},"excerpt":{"rendered":"<p>\u00c9 com grande prazer que o Programa de P\u00f3s Gradua\u00e7\u00e3o em Enfermagem da Universidade Federal de Pernambuco, convida voc\u00ea para participar do III SIMP\u00d3SIO INTERNACIONAL DE ENFERMAGEM E\u00a0EDUCA\u00c7\u00c3O EM SA\u00daDE\u00a0no per\u00edodo de 29\/11 a 01\/12 de 2023. O III SIENES debater\u00e1 o tema central: Tecnologias do cuidado e da educa\u00e7\u00e3o em sa\u00fade na 4\u00aa e [&hellip;]<\/p>\n","protected":false},"author":1,"featured_media":0,"parent":0,"menu_order":0,"comment_status":"closed","ping_status":"closed","template":"elementor_header_footer","meta":{"footnotes":""},"class_list":["post-12","page","type-page","status-publish","hentry"],"aioseo_notices":[],"_links":{"self":[{"href":"https:\/\/sienesppge.com.br\/2023\/wp-json\/wp\/v2\/pages\/12","targetHints":{"allow":["GET"]}}],"collection":[{"href":"https:\/\/sienesppge.com.br\/2023\/wp-json\/wp\/v2\/pages"}],"about":[{"href":"https:\/\/sienesppge.com.br\/2023\/wp-json\/wp\/v2\/types\/page"}],"author":[{"embeddable":true,"href":"https:\/\/sienesppge.com.br\/2023\/wp-json\/wp\/v2\/users\/1"}],"replies":[{"embeddable":true,"href":"https:\/\/sienesppge.com.br\/2023\/wp-json\/wp\/v2\/comments?post=12"}],"version-history":[{"count":52,"href":"https:\/\/sienesppge.com.br\/2023\/wp-json\/wp\/v2\/pages\/12\/revisions"}],"predecessor-version":[{"id":963,"href":"https:\/\/sienesppge.com.br\/2023\/wp-json\/wp\/v2\/pages\/12\/revisions\/963"}],"wp:attachment":[{"href":"https:\/\/sienesppge.com.br\/2023\/wp-json\/wp\/v2\/media?parent=12"}],"curies":[{"name":"wp","href":"https:\/\/api.w.org\/{rel}","templated":true}]}}