{"id":1326,"date":"2023-11-02T18:26:32","date_gmt":"2023-11-02T21:26:32","guid":{"rendered":"https:\/\/sienesppge.com.br\/?page_id=1326"},"modified":"2023-11-02T18:56:49","modified_gmt":"2023-11-02T21:56:49","slug":"hospedagem","status":"publish","type":"page","link":"https:\/\/sienesppge.com.br\/2023\/hospedagem\/","title":{"rendered":"Hospedagem"},"content":{"rendered":"\t\t<div data-elementor-type=\"wp-page\" data-elementor-id=\"1326\" class=\"elementor elementor-1326\" data-elementor-post-type=\"page\">\n\t\t\t\t\t\t<section class=\"elementor-section elementor-top-section elementor-element elementor-element-42f2348e elementor-section-height-min-height elementor-section-boxed elementor-section-height-default elementor-section-items-middle\" data-id=\"42f2348e\" data-element_type=\"section\" data-e-type=\"section\" data-settings=\"{&quot;background_background&quot;:&quot;classic&quot;}\">\n\t\t\t\t\t\t\t<div class=\"elementor-background-overlay\"><\/div>\n\t\t\t\t\t\t\t<div class=\"elementor-container elementor-column-gap-default\">\n\t\t\t\t\t<div class=\"elementor-column elementor-col-100 elementor-top-column elementor-element elementor-element-3de2a99c\" data-id=\"3de2a99c\" data-element_type=\"column\" data-e-type=\"column\">\n\t\t\t<div class=\"elementor-widget-wrap elementor-element-populated\">\n\t\t\t\t\t\t\t<\/div>\n\t\t<\/div>\n\t\t\t\t\t<\/div>\n\t\t<\/section>\n\t\t\t\t<section class=\"elementor-section elementor-top-section elementor-element elementor-element-142d389a elementor-section-boxed elementor-section-height-default elementor-section-height-default\" data-id=\"142d389a\" data-element_type=\"section\" data-e-type=\"section\">\n\t\t\t\t\t\t<div class=\"elementor-container elementor-column-gap-default\">\n\t\t\t\t\t<div class=\"elementor-column elementor-col-50 elementor-top-column elementor-element elementor-element-1ddbb472\" data-id=\"1ddbb472\" data-element_type=\"column\" data-e-type=\"column\">\n\t\t\t<div class=\"elementor-widget-wrap elementor-element-populated\">\n\t\t\t\t\t\t<div class=\"elementor-element elementor-element-764253c3 elementor-widget elementor-widget-heading\" data-id=\"764253c3\" data-element_type=\"widget\" data-e-type=\"widget\" data-widget_type=\"heading.default\">\n\t\t\t\t<div class=\"elementor-widget-container\">\n\t\t\t\t\t<h2 class=\"elementor-heading-title elementor-size-default\">Hotel Luzeiros Recife <\/h2>\t\t\t\t<\/div>\n\t\t\t\t<\/div>\n\t\t\t\t<div class=\"elementor-element elementor-element-76d60511 elementor-widget elementor-widget-text-editor\" data-id=\"76d60511\" data-element_type=\"widget\" data-e-type=\"widget\" data-widget_type=\"text-editor.default\">\n\t\t\t\t<div class=\"elementor-widget-container\">\n\t\t\t\t\t\t\t\t\t<p><strong>Valor sugerido para quarto com 1 cama de casal OU 2 camas de solteiro: a partir de R$ 360\/di\u00e1ria (caf\u00e9 da manh\u00e3 inclu\u00eddo). Endere\u00e7o: Rua Bar\u00e3o de Santo Angelo, 100, Pina, Recife, Pernambuco, 51110180. Homepage: <\/strong><a href=\"https:\/\/www.luzeirosrecife.com.br\/index\"><strong>https:\/\/www.luzeirosrecife.com.br\/index<\/strong><\/a><strong> Telefone: +55 (81) 31398800 <\/strong><\/p><p style=\"text-align: left;\"><strong>(DESCONTO 10%)<\/strong><\/p>\t\t\t\t\t\t\t\t<\/div>\n\t\t\t\t<\/div>\n\t\t\t\t<div class=\"elementor-element elementor-element-71cbef50 elementor-widget elementor-widget-image\" data-id=\"71cbef50\" data-element_type=\"widget\" data-e-type=\"widget\" data-widget_type=\"image.default\">\n\t\t\t\t<div class=\"elementor-widget-container\">\n\t\t\t\t\t\t\t\t\t\t\t\t\t\t\t<img decoding=\"async\" src=\"https:\/\/sienesppge.com.br\/2023\/wp-content\/uploads\/elementor\/thumbs\/Imagem1-qescqg2w06h5pwo9pf7cvunk4h606gs53l36caq4jc.jpg\" title=\"\" alt=\"\" loading=\"lazy\" \/>\t\t\t\t\t\t\t\t\t\t\t\t\t\t\t<\/div>\n\t\t\t\t<\/div>\n\t\t\t\t\t<\/div>\n\t\t<\/div>\n\t\t\t\t<div class=\"elementor-column elementor-col-50 elementor-top-column elementor-element elementor-element-7c1de43\" data-id=\"7c1de43\" data-element_type=\"column\" data-e-type=\"column\">\n\t\t\t<div class=\"elementor-widget-wrap elementor-element-populated\">\n\t\t\t\t\t\t<div class=\"elementor-element elementor-element-49b8d4bb elementor-widget elementor-widget-heading\" data-id=\"49b8d4bb\" data-element_type=\"widget\" data-e-type=\"widget\" data-widget_type=\"heading.default\">\n\t\t\t\t<div class=\"elementor-widget-container\">\n\t\t\t\t\t<h2 class=\"elementor-heading-title elementor-size-default\">Bugan Hotel Recife by Atlantica <\/h2>\t\t\t\t<\/div>\n\t\t\t\t<\/div>\n\t\t\t\t<div class=\"elementor-element elementor-element-622758e3 elementor-widget elementor-widget-text-editor\" data-id=\"622758e3\" data-element_type=\"widget\" data-e-type=\"widget\" data-widget_type=\"text-editor.default\">\n\t\t\t\t<div class=\"elementor-widget-container\">\n\t\t\t\t\t\t\t\t\t<p style=\"text-align: left;\"><strong>Valor sugerido para quarto com 1 cama de casal OU 2 camas de solteiro: a partir de R$ 377\/di\u00e1ria (caf\u00e9 da manh\u00e3 incluso). Endere\u00e7o: Av. Eng. Domingos Ferreira, 4661, Boa Viagem, Recife, Pernambuco. 51021-040. Homepage: <\/strong><a href=\"http:\/\/buganhotel.com.br\/\"><strong>http:\/\/buganhotel.com.br\/<\/strong><\/a><strong> Telefone: +55 (81) 32567700<\/strong><\/p>\t\t\t\t\t\t\t\t<\/div>\n\t\t\t\t<\/div>\n\t\t\t\t<div class=\"elementor-element elementor-element-2184ffee elementor-widget elementor-widget-image\" data-id=\"2184ffee\" data-element_type=\"widget\" data-e-type=\"widget\" data-widget_type=\"image.default\">\n\t\t\t\t<div class=\"elementor-widget-container\">\n\t\t\t\t\t\t\t\t\t\t\t\t\t\t\t<img decoding=\"async\" src=\"https:\/\/sienesppge.com.br\/2023\/wp-content\/uploads\/elementor\/thumbs\/Imagem2-qescrjk3z7z79j2xaw9oskox2nrf5r4v90hkhx3la0.jpg\" title=\"\" alt=\"\" loading=\"lazy\" \/>\t\t\t\t\t\t\t\t\t\t\t\t\t\t\t<\/div>\n\t\t\t\t<\/div>\n\t\t\t\t\t<\/div>\n\t\t<\/div>\n\t\t\t\t\t<\/div>\n\t\t<\/section>\n\t\t\t\t<section class=\"elementor-section elementor-top-section elementor-element elementor-element-dc1a6a9 elementor-section-boxed elementor-section-height-default elementor-section-height-default\" data-id=\"dc1a6a9\" data-element_type=\"section\" data-e-type=\"section\">\n\t\t\t\t\t\t<div class=\"elementor-container elementor-column-gap-default\">\n\t\t\t\t\t<div class=\"elementor-column elementor-col-100 elementor-top-column elementor-element elementor-element-4fe8050\" data-id=\"4fe8050\" data-element_type=\"column\" data-e-type=\"column\">\n\t\t\t<div class=\"elementor-widget-wrap elementor-element-populated\">\n\t\t\t\t\t\t<div class=\"elementor-element elementor-element-7f53a3d elementor-widget-divider--view-line elementor-widget elementor-widget-divider\" data-id=\"7f53a3d\" data-element_type=\"widget\" data-e-type=\"widget\" data-widget_type=\"divider.default\">\n\t\t\t\t<div class=\"elementor-widget-container\">\n\t\t\t\t\t\t\t<div class=\"elementor-divider\">\n\t\t\t<span class=\"elementor-divider-separator\">\n\t\t\t\t\t\t<\/span>\n\t\t<\/div>\n\t\t\t\t\t\t<\/div>\n\t\t\t\t<\/div>\n\t\t\t\t\t<\/div>\n\t\t<\/div>\n\t\t\t\t\t<\/div>\n\t\t<\/section>\n\t\t\t\t<section class=\"elementor-section elementor-top-section elementor-element elementor-element-ac92e1e elementor-section-boxed elementor-section-height-default elementor-section-height-default\" data-id=\"ac92e1e\" data-element_type=\"section\" data-e-type=\"section\">\n\t\t\t\t\t\t<div class=\"elementor-container elementor-column-gap-default\">\n\t\t\t\t\t<div class=\"elementor-column elementor-col-50 elementor-top-column elementor-element elementor-element-04f0bfc\" data-id=\"04f0bfc\" data-element_type=\"column\" data-e-type=\"column\">\n\t\t\t<div class=\"elementor-widget-wrap elementor-element-populated\">\n\t\t\t\t\t\t<div class=\"elementor-element elementor-element-1539097 elementor-widget elementor-widget-heading\" data-id=\"1539097\" data-element_type=\"widget\" data-e-type=\"widget\" data-widget_type=\"heading.default\">\n\t\t\t\t<div class=\"elementor-widget-container\">\n\t\t\t\t\t<h2 class=\"elementor-heading-title elementor-size-default\">Ibis Recife Boa Viagem <\/h2>\t\t\t\t<\/div>\n\t\t\t\t<\/div>\n\t\t\t\t<div class=\"elementor-element elementor-element-355b644 elementor-widget elementor-widget-text-editor\" data-id=\"355b644\" data-element_type=\"widget\" data-e-type=\"widget\" data-widget_type=\"text-editor.default\">\n\t\t\t\t<div class=\"elementor-widget-container\">\n\t\t\t\t\t\t\t\t\t<p><strong>Valor sugerido para quarto com 1 cama de casal OU 2 camas de solteiro: a partir de R$ 300\/di\u00e1ria (caf\u00e9 da manh\u00e3 inclu\u00eddo). Endere\u00e7o: Av. Domingos Ferreira, 683,<\/strong> <strong>Boa Viagem, Recife, Pernambuco. 51011051. Telefone: +55 (81) 3334-3434<\/strong><\/p>\t\t\t\t\t\t\t\t<\/div>\n\t\t\t\t<\/div>\n\t\t\t\t<div class=\"elementor-element elementor-element-a56c4b0 elementor-widget elementor-widget-image\" data-id=\"a56c4b0\" data-element_type=\"widget\" data-e-type=\"widget\" data-widget_type=\"image.default\">\n\t\t\t\t<div class=\"elementor-widget-container\">\n\t\t\t\t\t\t\t\t\t\t\t\t\t\t\t<img decoding=\"async\" src=\"https:\/\/sienesppge.com.br\/2023\/wp-content\/uploads\/elementor\/thumbs\/Imagem3-qescx4pklrmka2yqob7um5xk747ywzbfco3h74tcag.jpg\" title=\"\" alt=\"\" loading=\"lazy\" \/>\t\t\t\t\t\t\t\t\t\t\t\t\t\t\t<\/div>\n\t\t\t\t<\/div>\n\t\t\t\t\t<\/div>\n\t\t<\/div>\n\t\t\t\t<div class=\"elementor-column elementor-col-50 elementor-top-column elementor-element elementor-element-ac815e7\" data-id=\"ac815e7\" data-element_type=\"column\" data-e-type=\"column\">\n\t\t\t<div class=\"elementor-widget-wrap elementor-element-populated\">\n\t\t\t\t\t\t<div class=\"elementor-element elementor-element-64a91ed elementor-widget elementor-widget-heading\" data-id=\"64a91ed\" data-element_type=\"widget\" data-e-type=\"widget\" data-widget_type=\"heading.default\">\n\t\t\t\t<div class=\"elementor-widget-container\">\n\t\t\t\t\t<h2 class=\"elementor-heading-title elementor-size-default\">Beach Class Convention by H\u00d4M <\/h2>\t\t\t\t<\/div>\n\t\t\t\t<\/div>\n\t\t\t\t<div class=\"elementor-element elementor-element-5a59c21 elementor-widget elementor-widget-text-editor\" data-id=\"5a59c21\" data-element_type=\"widget\" data-e-type=\"widget\" data-widget_type=\"text-editor.default\">\n\t\t\t\t<div class=\"elementor-widget-container\">\n\t\t\t\t\t\t\t\t\t<p style=\"text-align: left;\"><strong>Valor sugerido para quarto com 1 cama de casal OU 2 camas de solteiro: a partir de R$ 290\/di\u00e1ria (caf\u00e9 da manh\u00e3 inclu\u00eddo). Endere\u00e7o: R. Maria Carolina, 661, Boa Viagem, Recife, Pernambuco. 51020-221. Telefone: +55 (81) 81 3201-7004. Homepage:<\/strong> <a href=\"https:\/\/www.beachclassconvention.com.br\/\"><strong>https:\/\/www.beachclassconvention.com.br\/<\/strong><\/a><\/p>\t\t\t\t\t\t\t\t<\/div>\n\t\t\t\t<\/div>\n\t\t\t\t<div class=\"elementor-element elementor-element-87bdb37 elementor-widget elementor-widget-image\" data-id=\"87bdb37\" data-element_type=\"widget\" data-e-type=\"widget\" data-widget_type=\"image.default\">\n\t\t\t\t<div class=\"elementor-widget-container\">\n\t\t\t\t\t\t\t\t\t\t\t\t\t\t\t<img fetchpriority=\"high\" decoding=\"async\" width=\"515\" height=\"343\" src=\"https:\/\/sienesppge.com.br\/2023\/wp-content\/uploads\/2023\/11\/Imagem4.jpg\" class=\"attachment-full size-full wp-image-1332\" alt=\"\" srcset=\"https:\/\/sienesppge.com.br\/2023\/wp-content\/uploads\/2023\/11\/Imagem4.jpg 515w, https:\/\/sienesppge.com.br\/2023\/wp-content\/uploads\/2023\/11\/Imagem4-300x200.jpg 300w\" sizes=\"(max-width: 515px) 100vw, 515px\" \/>\t\t\t\t\t\t\t\t\t\t\t\t\t\t\t<\/div>\n\t\t\t\t<\/div>\n\t\t\t\t\t<\/div>\n\t\t<\/div>\n\t\t\t\t\t<\/div>\n\t\t<\/section>\n\t\t\t\t<section class=\"elementor-section elementor-top-section elementor-element elementor-element-724fd175 elementor-section-boxed elementor-section-height-default elementor-section-height-default\" data-id=\"724fd175\" data-element_type=\"section\" data-e-type=\"section\">\n\t\t\t\t\t\t<div class=\"elementor-container elementor-column-gap-default\">\n\t\t\t\t\t<div class=\"elementor-column elementor-col-100 elementor-top-column elementor-element elementor-element-4effd016\" data-id=\"4effd016\" data-element_type=\"column\" data-e-type=\"column\">\n\t\t\t<div class=\"elementor-widget-wrap elementor-element-populated\">\n\t\t\t\t\t\t<div class=\"elementor-element elementor-element-10d6961a elementor-widget-divider--view-line elementor-widget elementor-widget-divider\" data-id=\"10d6961a\" data-element_type=\"widget\" data-e-type=\"widget\" data-widget_type=\"divider.default\">\n\t\t\t\t<div class=\"elementor-widget-container\">\n\t\t\t\t\t\t\t<div class=\"elementor-divider\">\n\t\t\t<span class=\"elementor-divider-separator\">\n\t\t\t\t\t\t<\/span>\n\t\t<\/div>\n\t\t\t\t\t\t<\/div>\n\t\t\t\t<\/div>\n\t\t\t\t\t<\/div>\n\t\t<\/div>\n\t\t\t\t\t<\/div>\n\t\t<\/section>\n\t\t\t\t<section class=\"elementor-section elementor-top-section elementor-element elementor-element-3ebc4d9 elementor-section-boxed elementor-section-height-default elementor-section-height-default\" data-id=\"3ebc4d9\" data-element_type=\"section\" data-e-type=\"section\">\n\t\t\t\t\t\t<div class=\"elementor-container elementor-column-gap-default\">\n\t\t\t\t\t<div class=\"elementor-column elementor-col-50 elementor-top-column elementor-element elementor-element-000a0f3\" data-id=\"000a0f3\" data-element_type=\"column\" data-e-type=\"column\">\n\t\t\t<div class=\"elementor-widget-wrap elementor-element-populated\">\n\t\t\t\t\t\t<div class=\"elementor-element elementor-element-cd01ede elementor-widget elementor-widget-heading\" data-id=\"cd01ede\" data-element_type=\"widget\" data-e-type=\"widget\" data-widget_type=\"heading.default\">\n\t\t\t\t<div class=\"elementor-widget-container\">\n\t\t\t\t\t<h2 class=\"elementor-heading-title elementor-size-default\">Dubl\u00ea Hotel <\/h2>\t\t\t\t<\/div>\n\t\t\t\t<\/div>\n\t\t\t\t<div class=\"elementor-element elementor-element-9d22b4a elementor-widget elementor-widget-text-editor\" data-id=\"9d22b4a\" data-element_type=\"widget\" data-e-type=\"widget\" data-widget_type=\"text-editor.default\">\n\t\t\t\t<div class=\"elementor-widget-container\">\n\t\t\t\t\t\t\t\t\t<p><strong>Valor sugerido para quarto com 1 cama de casal OU 2 camas de solteiro: a partir de R$ 180\/di\u00e1ria (caf\u00e9 da manh\u00e3 inclu\u00eddo). Endere\u00e7o: Rua Tenente Jo\u00e3o Cicero, N\u00b047, Boa Viagem, Recife, Pernambuco. 51020-190. Telefone: +55 (81) 37710389<\/strong><\/p><p><strong>Homepage: <\/strong><a href=\"https:\/\/dublehotel.com.br\/\"><strong>https:\/\/dublehotel.com.br\/<\/strong><\/a><\/p>\t\t\t\t\t\t\t\t<\/div>\n\t\t\t\t<\/div>\n\t\t\t\t<div class=\"elementor-element elementor-element-f0e1fb4 elementor-widget elementor-widget-image\" data-id=\"f0e1fb4\" data-element_type=\"widget\" data-e-type=\"widget\" data-widget_type=\"image.default\">\n\t\t\t\t<div class=\"elementor-widget-container\">\n\t\t\t\t\t\t\t\t\t\t\t\t\t\t\t<img decoding=\"async\" src=\"https:\/\/sienesppge.com.br\/2023\/wp-content\/uploads\/elementor\/thumbs\/Imagem5-qesd23awoaf1jzrbpgeyrwv52brpjh0fd81qdpgjg8.jpg\" title=\"\" alt=\"\" loading=\"lazy\" \/>\t\t\t\t\t\t\t\t\t\t\t\t\t\t\t<\/div>\n\t\t\t\t<\/div>\n\t\t\t\t\t<\/div>\n\t\t<\/div>\n\t\t\t\t<div class=\"elementor-column elementor-col-50 elementor-top-column elementor-element elementor-element-b22b73b\" data-id=\"b22b73b\" data-element_type=\"column\" data-e-type=\"column\">\n\t\t\t<div class=\"elementor-widget-wrap elementor-element-populated\">\n\t\t\t\t\t\t<div class=\"elementor-element elementor-element-0a772a9 elementor-widget elementor-widget-heading\" data-id=\"0a772a9\" data-element_type=\"widget\" data-e-type=\"widget\" data-widget_type=\"heading.default\">\n\t\t\t\t<div class=\"elementor-widget-container\">\n\t\t\t\t\t<h2 class=\"elementor-heading-title elementor-size-default\">Mercure Recife Navegantes <\/h2>\t\t\t\t<\/div>\n\t\t\t\t<\/div>\n\t\t\t\t<div class=\"elementor-element elementor-element-0463697 elementor-widget elementor-widget-text-editor\" data-id=\"0463697\" data-element_type=\"widget\" data-e-type=\"widget\" data-widget_type=\"text-editor.default\">\n\t\t\t\t<div class=\"elementor-widget-container\">\n\t\t\t\t\t\t\t\t\t<p><strong>Valor sugerido para quarto com 1 cama de casal OU 2 camas de solteiro: a partir de R$ 330\/di\u00e1ria (caf\u00e9 da manh\u00e3 inclu\u00eddo). Endere\u00e7o: Rua dos Navegantes, 1706, Boa Viagem, Recife, Pernambuco. 51020010. Telefone: +55 (81) 4009-1185.<\/strong><\/p>\t\t\t\t\t\t\t\t<\/div>\n\t\t\t\t<\/div>\n\t\t\t\t<div class=\"elementor-element elementor-element-013ffe1 elementor-widget elementor-widget-image\" data-id=\"013ffe1\" data-element_type=\"widget\" data-e-type=\"widget\" data-widget_type=\"image.default\">\n\t\t\t\t<div class=\"elementor-widget-container\">\n\t\t\t\t\t\t\t\t\t\t\t\t\t\t\t<img decoding=\"async\" src=\"https:\/\/sienesppge.com.br\/2023\/wp-content\/uploads\/elementor\/thumbs\/Imagem6-qesd2k803b27cz2qynq90slfr9gbe0vlfjsh0orgc8.jpg\" title=\"\" alt=\"\" loading=\"lazy\" \/>\t\t\t\t\t\t\t\t\t\t\t\t\t\t\t<\/div>\n\t\t\t\t<\/div>\n\t\t\t\t\t<\/div>\n\t\t<\/div>\n\t\t\t\t\t<\/div>\n\t\t<\/section>\n\t\t\t\t<section class=\"elementor-section elementor-top-section elementor-element elementor-element-ee3b7a0 elementor-section-boxed elementor-section-height-default elementor-section-height-default\" data-id=\"ee3b7a0\" data-element_type=\"section\" data-e-type=\"section\">\n\t\t\t\t\t\t<div class=\"elementor-container elementor-column-gap-default\">\n\t\t\t\t\t<div class=\"elementor-column elementor-col-100 elementor-top-column elementor-element elementor-element-c0ee8ae\" data-id=\"c0ee8ae\" data-element_type=\"column\" data-e-type=\"column\">\n\t\t\t<div class=\"elementor-widget-wrap elementor-element-populated\">\n\t\t\t\t\t\t<div class=\"elementor-element elementor-element-db38bbe elementor-widget-divider--view-line elementor-widget elementor-widget-divider\" data-id=\"db38bbe\" data-element_type=\"widget\" data-e-type=\"widget\" data-widget_type=\"divider.default\">\n\t\t\t\t<div class=\"elementor-widget-container\">\n\t\t\t\t\t\t\t<div class=\"elementor-divider\">\n\t\t\t<span class=\"elementor-divider-separator\">\n\t\t\t\t\t\t<\/span>\n\t\t<\/div>\n\t\t\t\t\t\t<\/div>\n\t\t\t\t<\/div>\n\t\t\t\t\t<\/div>\n\t\t<\/div>\n\t\t\t\t\t<\/div>\n\t\t<\/section>\n\t\t\t\t<section class=\"elementor-section elementor-top-section elementor-element elementor-element-4f985a8 elementor-section-boxed elementor-section-height-default elementor-section-height-default\" data-id=\"4f985a8\" data-element_type=\"section\" data-e-type=\"section\">\n\t\t\t\t\t\t<div class=\"elementor-container elementor-column-gap-default\">\n\t\t\t\t\t<div class=\"elementor-column elementor-col-50 elementor-top-column elementor-element elementor-element-782b82b\" data-id=\"782b82b\" data-element_type=\"column\" data-e-type=\"column\">\n\t\t\t<div class=\"elementor-widget-wrap elementor-element-populated\">\n\t\t\t\t\t\t<div class=\"elementor-element elementor-element-d59a47c elementor-widget elementor-widget-heading\" data-id=\"d59a47c\" data-element_type=\"widget\" data-e-type=\"widget\" data-widget_type=\"heading.default\">\n\t\t\t\t<div class=\"elementor-widget-container\">\n\t\t\t\t\t<h2 class=\"elementor-heading-title elementor-size-default\">Park Hotel <\/h2>\t\t\t\t<\/div>\n\t\t\t\t<\/div>\n\t\t\t\t<div class=\"elementor-element elementor-element-f7b354b elementor-widget elementor-widget-text-editor\" data-id=\"f7b354b\" data-element_type=\"widget\" data-e-type=\"widget\" data-widget_type=\"text-editor.default\">\n\t\t\t\t<div class=\"elementor-widget-container\">\n\t\t\t\t\t\t\t\t\t<p><strong>Valor sugerido para quarto com 1 cama de casal OU 2 camas de solteiro: a partir de R$ 240\/di\u00e1ria (caf\u00e9 da manh\u00e3 inclu\u00eddo). Endere\u00e7o: Rua dos Navegantes, 09, Boa Viagem, Recife, Pernambuco. 51021-010. Telefone: +55 (81) 2122.4601. Homepage: <\/strong><a href=\"https:\/\/park.com.br\/\"><strong>https:\/\/park.com.br\/<\/strong><\/a><\/p>\t\t\t\t\t\t\t\t<\/div>\n\t\t\t\t<\/div>\n\t\t\t\t<div class=\"elementor-element elementor-element-ea56fd9 elementor-widget elementor-widget-image\" data-id=\"ea56fd9\" data-element_type=\"widget\" data-e-type=\"widget\" data-widget_type=\"image.default\">\n\t\t\t\t<div class=\"elementor-widget-container\">\n\t\t\t\t\t\t\t\t\t\t\t\t\t\t\t<img decoding=\"async\" src=\"https:\/\/sienesppge.com.br\/2023\/wp-content\/uploads\/elementor\/thumbs\/Imagem7-qesd7bamn5ke20697pocmlfbve14axqqr2iud1psvs.jpg\" title=\"\" alt=\"\" loading=\"lazy\" \/>\t\t\t\t\t\t\t\t\t\t\t\t\t\t\t<\/div>\n\t\t\t\t<\/div>\n\t\t\t\t\t<\/div>\n\t\t<\/div>\n\t\t\t\t<div class=\"elementor-column elementor-col-50 elementor-top-column elementor-element elementor-element-d39c3b9\" data-id=\"d39c3b9\" data-element_type=\"column\" data-e-type=\"column\">\n\t\t\t<div class=\"elementor-widget-wrap elementor-element-populated\">\n\t\t\t\t\t\t<div class=\"elementor-element elementor-element-82d7897 elementor-widget elementor-widget-heading\" data-id=\"82d7897\" data-element_type=\"widget\" data-e-type=\"widget\" data-widget_type=\"heading.default\">\n\t\t\t\t<div class=\"elementor-widget-container\">\n\t\t\t\t\t<h2 class=\"elementor-heading-title elementor-size-default\">Ibis Recife Aeroporto <\/h2>\t\t\t\t<\/div>\n\t\t\t\t<\/div>\n\t\t\t\t<div class=\"elementor-element elementor-element-ea207f7 elementor-widget elementor-widget-text-editor\" data-id=\"ea207f7\" data-element_type=\"widget\" data-e-type=\"widget\" data-widget_type=\"text-editor.default\">\n\t\t\t\t<div class=\"elementor-widget-container\">\n\t\t\t\t\t\t\t\t\t<p><strong>Valor sugerido para quarto com 1 cama de casal OU 2 camas de solteiro: a partir de R$ 370\/di\u00e1ria (caf\u00e9 da manh\u00e3 inclu\u00eddo). Endere\u00e7o: Av Marechal Mascarenhas de Morais, 5313, Boa Viagem, Recife, Pernambuco. 51150004. Telefone: +55 (81) 3201-8700 <\/strong><\/p>\t\t\t\t\t\t\t\t<\/div>\n\t\t\t\t<\/div>\n\t\t\t\t<div class=\"elementor-element elementor-element-d6bfab7 elementor-widget elementor-widget-image\" data-id=\"d6bfab7\" data-element_type=\"widget\" data-e-type=\"widget\" data-widget_type=\"image.default\">\n\t\t\t\t<div class=\"elementor-widget-container\">\n\t\t\t\t\t\t\t\t\t\t\t\t\t\t\t<img decoding=\"async\" src=\"https:\/\/sienesppge.com.br\/2023\/wp-content\/uploads\/elementor\/thumbs\/Imagem8-qesd85dgpupkdiykc2oeudu2vpwv5925j7edpwh7co.jpg\" title=\"\" alt=\"\" loading=\"lazy\" \/>\t\t\t\t\t\t\t\t\t\t\t\t\t\t\t<\/div>\n\t\t\t\t<\/div>\n\t\t\t\t\t<\/div>\n\t\t<\/div>\n\t\t\t\t\t<\/div>\n\t\t<\/section>\n\t\t\t\t<\/div>\n\t\t","protected":false},"excerpt":{"rendered":"<p>Hotel Luzeiros Recife Valor sugerido para quarto com 1 cama de casal OU 2 camas de solteiro: a partir de R$ 360\/di\u00e1ria (caf\u00e9 da manh\u00e3 inclu\u00eddo). Endere\u00e7o: Rua Bar\u00e3o de Santo Angelo, 100, Pina, Recife, Pernambuco, 51110180. Homepage: https:\/\/www.luzeirosrecife.com.br\/index Telefone: +55 (81) 31398800 (DESCONTO 10%) Bugan Hotel Recife by Atlantica Valor sugerido para quarto com [&hellip;]<\/p>\n","protected":false},"author":1,"featured_media":0,"parent":0,"menu_order":0,"comment_status":"closed","ping_status":"closed","template":"elementor_header_footer","meta":{"footnotes":""},"class_list":["post-1326","page","type-page","status-publish","hentry"],"aioseo_notices":[],"_links":{"self":[{"href":"https:\/\/sienesppge.com.br\/2023\/wp-json\/wp\/v2\/pages\/1326","targetHints":{"allow":["GET"]}}],"collection":[{"href":"https:\/\/sienesppge.com.br\/2023\/wp-json\/wp\/v2\/pages"}],"about":[{"href":"https:\/\/sienesppge.com.br\/2023\/wp-json\/wp\/v2\/types\/page"}],"author":[{"embeddable":true,"href":"https:\/\/sienesppge.com.br\/2023\/wp-json\/wp\/v2\/users\/1"}],"replies":[{"embeddable":true,"href":"https:\/\/sienesppge.com.br\/2023\/wp-json\/wp\/v2\/comments?post=1326"}],"version-history":[{"count":10,"href":"https:\/\/sienesppge.com.br\/2023\/wp-json\/wp\/v2\/pages\/1326\/revisions"}],"predecessor-version":[{"id":1345,"href":"https:\/\/sienesppge.com.br\/2023\/wp-json\/wp\/v2\/pages\/1326\/revisions\/1345"}],"wp:attachment":[{"href":"https:\/\/sienesppge.com.br\/2023\/wp-json\/wp\/v2\/media?parent=1326"}],"curies":[{"name":"wp","href":"https:\/\/api.w.org\/{rel}","templated":true}]}}