{"id":624,"date":"2023-05-19T09:44:56","date_gmt":"2023-05-19T12:44:56","guid":{"rendered":"https:\/\/cbcobiomedicina.com.br\/?page_id=624"},"modified":"2023-05-23T18:20:11","modified_gmt":"2023-05-23T21:20:11","slug":"privacidade","status":"publish","type":"page","link":"https:\/\/sienesppge.com.br\/2023\/privacidade\/","title":{"rendered":"Pol\u00edtica de Privacidade"},"content":{"rendered":"\t\t<div data-elementor-type=\"wp-page\" data-elementor-id=\"624\" class=\"elementor elementor-624\" data-elementor-post-type=\"page\">\n\t\t\t\t\t\t<section class=\"elementor-section elementor-top-section elementor-element elementor-element-613b9dc elementor-section-height-min-height elementor-section-boxed elementor-section-height-default elementor-section-items-middle\" data-id=\"613b9dc\" data-element_type=\"section\" data-e-type=\"section\" data-settings=\"{&quot;background_background&quot;:&quot;classic&quot;}\">\n\t\t\t\t\t\t\t<div class=\"elementor-background-overlay\"><\/div>\n\t\t\t\t\t\t\t<div class=\"elementor-container elementor-column-gap-default\">\n\t\t\t\t\t<div class=\"elementor-column elementor-col-100 elementor-top-column elementor-element elementor-element-4201f0ff\" data-id=\"4201f0ff\" data-element_type=\"column\" data-e-type=\"column\">\n\t\t\t<div class=\"elementor-widget-wrap elementor-element-populated\">\n\t\t\t\t\t\t\t<\/div>\n\t\t<\/div>\n\t\t\t\t\t<\/div>\n\t\t<\/section>\n\t\t\t\t<section class=\"elementor-section elementor-top-section elementor-element elementor-element-9e1596d elementor-section-boxed elementor-section-height-default elementor-section-height-default\" data-id=\"9e1596d\" data-element_type=\"section\" data-e-type=\"section\">\n\t\t\t\t\t\t<div class=\"elementor-container elementor-column-gap-default\">\n\t\t\t\t\t<div class=\"elementor-column elementor-col-100 elementor-top-column elementor-element elementor-element-b184d78\" data-id=\"b184d78\" data-element_type=\"column\" data-e-type=\"column\">\n\t\t\t<div class=\"elementor-widget-wrap elementor-element-populated\">\n\t\t\t\t\t\t<div class=\"elementor-element elementor-element-ac784d4 elementor-widget elementor-widget-text-editor\" data-id=\"ac784d4\" data-element_type=\"widget\" data-e-type=\"widget\" data-widget_type=\"text-editor.default\">\n\t\t\t\t<div class=\"elementor-widget-container\">\n\t\t\t\t\t\t\t\t\t<h4>Defini\u00e7\u00f5es Gerais<\/h4><p>A<strong>\u00a0 Associa\u00e7\u00e3o de Biom\u00e9dicos da 3\u00aa Regi\u00e3o (ABM-3) e Associa\u00e7\u00e3o Brasileira de Biomedicina (ABBIOM) <\/strong>deseja manter uma rela\u00e7\u00e3o de confian\u00e7a e transpar\u00eancia junto a todos os participantes de Eventos com quem se relaciona.<\/p><p>Por isso, elaboramos esta Pol\u00edtica de Privacidade e Tratamento de Dados para lhe auxiliar a entender quais informa\u00e7\u00f5es suas n\u00f3s coletamos, por qual(is) motivo(s) as coletamos e como as compartilhamos. Al\u00e9m disso, tamb\u00e9m informamos sobre os seus direitos relativos a essas informa\u00e7\u00f5es e como exerc\u00ea-los junto \u00e0\u00a0<strong>ABBIOM<\/strong>.<\/p><p>A fim de proporcionar maior clareza para voc\u00ea quanto ao conte\u00fado deste aviso, as seguintes palavras e express\u00f5es, no singular ou no plural, foram utilizadas com os seguintes significados:<\/p><table width=\"100%\"><thead><tr><td width=\"31%\"><p><strong>Defini\u00e7\u00e3o<\/strong><\/p><\/td><td width=\"68%\"><p><strong>Significado<\/strong><\/p><\/td><\/tr><\/thead><tbody><tr><td width=\"31%\"><p><strong>Dados Pessoais Sens\u00edveis<\/strong><\/p><\/td><td width=\"68%\"><p>dado pessoal sobre origem racial ou \u00e9tnica, convic\u00e7\u00e3o religiosa, opini\u00e3o pol\u00edtica, filia\u00e7\u00e3o a sindicato ou a organiza\u00e7\u00e3o de car\u00e1ter religioso, filos\u00f3fico ou pol\u00edtico, dado referente \u00e0 sa\u00fade ou \u00e0 vida sexual, dado gen\u00e9tico ou biom\u00e9trico, quando vinculado a uma pessoa natural;<\/p><\/td><\/tr><tr><td width=\"31%\"><p><strong>Dados Pessoais<\/strong><\/p><\/td><td width=\"68%\"><p>informa\u00e7\u00e3o relacionada a pessoa natural identificada ou identific\u00e1vel;<\/p><\/td><\/tr><tr><td width=\"31%\"><p><strong>Controlador de Dados<\/strong><\/p><\/td><td width=\"68%\"><p>pessoa natural ou jur\u00eddica, de direito p\u00fablico ou privado, a quem competem as decis\u00f5es referentes ao tratamento de dados pessoais; Neste caso, a ABBIOM.<\/p><\/td><\/tr><tr><td width=\"31%\"><p><strong>Operador de Dados<\/strong><\/p><\/td><td width=\"68%\"><p>pessoa natural ou jur\u00eddica, de direito p\u00fablico ou privado, que realiza o tratamento de dados pessoais em nome do controlador; A EVENTOGYN.<\/p><\/td><\/tr><tr><td width=\"31%\"><p><strong>Titular<\/strong><\/p><\/td><td width=\"68%\"><p>pessoa natural a quem se referem os dados pessoais que s\u00e3o objeto de tratamento, no caso, os participantes de Eventos.<\/p><\/td><\/tr><tr><td width=\"31%\"><p><strong>Tratamento<\/strong><\/p><\/td><td width=\"68%\"><p>Coleta, recep\u00e7\u00e3o, classifica\u00e7\u00e3o, utiliza\u00e7\u00e3o, acesso, reprodu\u00e7\u00e3o, transmiss\u00e3o, distribui\u00e7\u00e3o, processamento, arquivamento, armazenamento, elimina\u00e7\u00e3o, avalia\u00e7\u00e3o ou controle da informa\u00e7\u00e3o, modifica\u00e7\u00e3o, atualiza\u00e7\u00e3o, comunica\u00e7\u00e3o, transfer\u00eancia, compartilhamento e extra\u00e7\u00e3o de dados pessoais.<\/p><\/td><\/tr><\/tbody><\/table><p>Havendo qualquer d\u00favida relacionada \u00e0 prote\u00e7\u00e3o de seus Dados Pessoais, voc\u00ea poder\u00e1 nos contactar por meio do canal exclusivo dispon\u00edvel no final desta pol\u00edtica de privacidade.<\/p><p><strong>O que s\u00e3o cookies e como os utilizamos?<\/strong><\/p><p>Utilizamos cookies\u00a0para melhorar a performance do site e a sua experi\u00eancia na navega\u00e7\u00e3o. Voc\u00ea pode ajustar suas configura\u00e7\u00f5es de navegador para desabilitar os cookies ou delet\u00e1-los. Se voc\u00ea desabilitar os cookies, esteja ciente de que alguns dos recursos do nosso servi\u00e7o podem n\u00e3o funcionar corretamente.<\/p><p>Agregados em grupos, abaixo listamos todas estas finalidades:<\/p><table width=\"100%\"><tbody><tr><td width=\"31%\"><p><strong>Cookie<\/strong><\/p><\/td><td width=\"68%\"><p><strong>Significado<\/strong><\/p><\/td><\/tr><tr><td width=\"31%\"><p><strong>Necess\u00e1rios<\/strong><\/p><\/td><td width=\"68%\"><p>S\u00e3o cookies essenciais para viabilizar o adequado funcionamento do nosso site e sistema, bem como permitir que voc\u00ea fa\u00e7a uso de todas as funcionalidades dispon\u00edveis.<\/p><\/td><\/tr><tr><td width=\"31%\"><p><strong>Desempenho<\/strong><\/p><\/td><td width=\"68%\"><p>Estes nos ajudam a entender sua intera\u00e7\u00e3o com nosso site \/ sistema. Tamb\u00e9m nos fornecem informa\u00e7\u00f5es como locais visitados e poss\u00edveis problemas encontrados, nos permitindo corrigi-los com agilidade.<\/p><\/td><\/tr><tr><td width=\"31%\"><p><strong>Funcionais<\/strong><\/p><\/td><td width=\"68%\"><p>Permite o sistema lembrar escolhas realizadas, proporcionando uma experi\u00eancia de navega\u00e7\u00e3o personalizada.<\/p><\/td><\/tr><\/tbody><\/table><p>Destacamos que os cookies necess\u00e1rios s\u00e3o essenciais para o normal funcionamento do nosso website, sendo que a oposi\u00e7\u00e3o \u00e0 utiliza\u00e7\u00e3o desta ferramenta poder\u00e1 implicar na inutiliza\u00e7\u00e3o de sua experi\u00eancia ou no funcionamento inadequado de alguns servi\u00e7os.<\/p><p>Voc\u00ea pode ler mais sobre os Cookies em nossa\u00a0<em><strong>Pol\u00edtica de Cookies<\/strong><\/em>.<\/p><p><strong>Quais dados pessoais coletamos?<\/strong><\/p><p>Com o prop\u00f3sito de zelar pela sua privacidade, entendemos que todo e qualquer Tratamento de Dados Pessoais deve ser limitado ao m\u00ednimo necess\u00e1rio, pertinente, e proporcional para viabilizar a finalidade pretendida. Por isso, os Dados Pessoais que coletaremos a seu respeito ser\u00e3o apenas aqueles compat\u00edveis com a sua rela\u00e7\u00e3o conosco, isto \u00e9, o necess\u00e1rio para sua inscri\u00e7\u00e3o no evento e pagamento online do produto\/servi\u00e7o adquirido.<\/p><p>No ato do cadastro, voc\u00ea precisar\u00e1 criar uma senha que juntamente com seu CPF ou e-mail ser\u00e3o as credenciais para acessar sua \u00e1rea de participante posteriormente e ter acesso a todos os servi\u00e7os oferecidos no evento.<\/p><p>O\u00a0<em>login<\/em>\u00a0e a senha criados s\u00e3o pessoais, intransfer\u00edveis e para seu conhecimento e uso exclusivo.\u00a0<strong>VOC\u00ca<\/strong>\u00a0dever\u00e1 assegurar e proteger em quaisquer circunst\u00e2ncias a confidencialidade e a seguran\u00e7a de seu\u00a0<em>login<\/em>\u00a0e senha. Assim,\u00a0<strong>VOC\u00ca<\/strong>\u00a0n\u00e3o dever\u00e1 revelar suas credenciais de acesso a terceiros, nem as inserir em sistemas inform\u00e1ticos que permitam a sua descodifica\u00e7\u00e3o e c\u00f3pia, assegurando-se de que o equipamento utilizado para acesso ao nosso site se encontra devidamente protegido contra softwares maliciosos e do acesso indevido por terceiros. Se voc\u00ea descumprir as obriga\u00e7\u00f5es aqui apresentadas, voc\u00ea estar\u00e1 praticando ato de exclusiva responsabilidade, sendo que eventuais preju\u00edzos decorrentes de tal ato ser\u00e3o suportados por\u00a0<strong>VOC\u00ca<\/strong>\u00a0exclusivamente.<\/p><p>Assim, s\u00e3o os seguintes dados pessoais fornecidos por\u00a0<strong>VOC\u00ca<\/strong>:<\/p><ul><li><strong>Informa\u00e7\u00f5es de identifica\u00e7\u00e3o,<\/strong>\u00a0como o seu nome, RG, CPF, nacionalidade, data de nascimento, dentre outros, se comprovadamente necess\u00e1rio por eventos espec\u00edficos e sempre considerando o m\u00ednimo necess\u00e1rio para viabilizar a finalidade pretendida;<\/li><li><strong>Informa\u00e7\u00f5es que nos auxiliem a contat\u00e1-lo<\/strong>, como endere\u00e7o residencial, CEP, telefone fixo ou celular, e e-mail;<\/li><li><strong>Informa\u00e7\u00f5es financeiras:<\/strong>\u00a0Os pagamentos realizados em nossa plataforma <strong>(se aplic\u00e1vel)<\/strong>, s\u00e3o realizados exclusivamente via boleto banc\u00e1rio, Cart\u00e3o de cr\u00e9dito ou PIX, por nosso parceiro PAGAR.ME.<\/li><\/ul><p>\u00c9 muito importante voc\u00ea saber que todas as opera\u00e7\u00f5es de Tratamento de Dados da Pagar.me respeitam padr\u00f5es de seguran\u00e7a internacionais aplic\u00e1veis ao setor, como, por exemplo, as diretrizes\u00a0<strong>PCI-DSS (Payment Card Industry \u2013 Data Security Standard)<\/strong>, que inclui, entre diversos requisitos de seguran\u00e7a, a\u00a0<strong>criptografia dos Dados de cart\u00f5es<\/strong>.<\/p><p>Para ver a pol\u00edtica de privacidade da Pagar.me visite:\u00a0<a href=\"https:\/\/pagar.me\/aviso-de-privacidade\">https:\/\/pagar.me\/aviso-de-privacidade<\/a><\/p><p><strong>Quais s\u00e3o os seus direitos enquanto titular dos dados?<\/strong><\/p><p><strong>VOC\u00ca<\/strong>, como titular de seus dados, possui os seguintes direitos de acordo com a Lei 13.709\/18 (LGPD):<\/p><table width=\"100%\"><tbody><tr><td width=\"24%\"><p><strong>Direito de Acesso<\/strong><\/p><\/td><td width=\"75%\"><p><strong>VOC\u00ca<\/strong>\u00a0poder\u00e1 solicitar informa\u00e7\u00f5es sobre os dados pessoais tratados pela ABBIOM. Mas para isso,\u00a0<strong>VOC\u00ca<\/strong>\u00a0dever\u00e1 confirmar alguns dados pessoais no ato da solicita\u00e7\u00e3o.<\/p><\/td><\/tr><tr><td width=\"24%\"><p><strong>Direito de Oposi\u00e7\u00e3o<\/strong><\/p><\/td><td width=\"75%\"><p><strong>VOC\u00ca<\/strong>\u00a0poder\u00e1 solicitar a interrup\u00e7\u00e3o do tratamento de seus dados pessoais a qualquer tempo. A ABBIOM\u00a0ir\u00e1 atender a sua solicita\u00e7\u00e3o desde que n\u00e3o exista qualquer obriga\u00e7\u00e3o legal ou regulat\u00f3ria que imponha a conserva\u00e7\u00e3o de seus dados. Durante a rela\u00e7\u00e3o entre a ABBIOM\u00a0e\u00a0<strong>VOC\u00ca<\/strong>\u00a0em decorr\u00eancia da participa\u00e7\u00e3o no evento, a ABBIOM\u00a0conservar\u00e1 o tratamento de dados, n\u00e3o havendo possibilidade de oposi\u00e7\u00e3o<\/p><\/td><\/tr><tr><td width=\"24%\"><p><strong>Direito de Corre\u00e7\u00e3o ou Atualiza\u00e7\u00e3o de Dados<\/strong><\/p><p><strong>\u00a0<\/strong><\/p><\/td><td width=\"75%\"><p><strong>VOC\u00ca\u00a0<\/strong>poder\u00e1 solicitar a corre\u00e7\u00e3o de seus dados pessoais que estiverem incompletos, inexatos ou desatualizados, bastando que envie um solicita\u00e7\u00e3o aa ABBIOM\u00a0indicando os dados corretos. Voc\u00ea pode ainda enviar uma mensagem diretamente ao organizador do seu evento solicitando a corre\u00e7\u00e3o.<\/p><\/td><\/tr><tr><td width=\"24%\"><p><strong>Direito de Anonimiza\u00e7\u00e3o ou elimina\u00e7\u00e3o dos dados pessoais<\/strong><\/p><\/td><td width=\"75%\"><p><strong>VOC\u00ca<\/strong>\u00a0poder\u00e1 solicitar a anonimiza\u00e7\u00e3o ou elimina\u00e7\u00e3o de seus dados pessoais. A ABBIOM\u00a0atender\u00e1 a sua solicita\u00e7\u00e3o\u00a0<strong>desde que<\/strong>\u00a0n\u00e3o exista obriga\u00e7\u00e3o legal de manter integralmente os seus dados pessoais; e, \u00a0todas as finalidades para os quais os mesmos foram tratados, assim como o prazo de tratamento, tenham sido integralmente observados.<\/p><\/td><\/tr><tr><td width=\"24%\"><p><strong>Compartilhamento dos Dados Pessoais<\/strong><\/p><\/td><td width=\"75%\"><p><strong>VOC\u00ca\u00a0<\/strong>pode solicitar informa\u00e7\u00f5es sobre terceiros com quem a ABBIOM\u00a0compartilha os seus dados pessoais, destacando que a presente Pol\u00edtica apresenta os limites de compartilhamento de dados que a ABBIOM\u00a0conduz em rela\u00e7\u00e3o aos seus dados pessoais.<\/p><\/td><\/tr><tr><td width=\"24%\"><p><strong>Direito de Informa\u00e7\u00e3o<\/strong><\/p><\/td><td width=\"75%\"><p><strong>VOC\u00ca<\/strong>\u00a0pode solicitar informa\u00e7\u00f5es, sempre que quiser, sobre as possibilidades de elimina\u00e7\u00e3o dos dados, bem como sobre quando e em quais hip\u00f3teses seus dados s\u00e3o tratados com base em seu consentimento e como neg\u00e1-lo<\/p><\/td><\/tr><tr><td width=\"24%\"><p><strong>Direito de Revoga\u00e7\u00e3o do consentimento<\/strong><\/p><\/td><td width=\"75%\"><p>Quando os seus dados pessoais forem tratados pela ABBIOM\u00a0\u00fanica e exclusivamente com base em seu consentimento expresso,\u00a0<strong>VOC\u00ca<\/strong>\u00a0tem o direito de revog\u00e1-lo a qualquer tempo. Entretanto, tratamento de dados em raz\u00e3o de cumprimento de obriga\u00e7\u00f5es legais e compromissos contratuais existente entre a ABBIOM\u00a0e\u00a0<strong>VOC\u00ca<\/strong>\u00a0n\u00e3o devem ser confundidos com o consentimento expresso, n\u00e3o podendo, portanto, ser revogados.<\/p><\/td><\/tr><tr><td width=\"24%\"><p><strong>Direito de reclama\u00e7\u00e3o \u00e0 Autoridade Nacional de Prote\u00e7\u00e3o de Dados<\/strong><\/p><\/td><td width=\"75%\"><p><strong>VOC\u00ca<\/strong>\u00a0tem o direito de se manifestar, a qualquer tempo, perante a Autoridade Nacional de Prote\u00e7\u00e3o de Dados (ANPD), solicitando informa\u00e7\u00f5es e apresentando reclama\u00e7\u00f5es a referida autoridade.\u00a0 Nesse caso,\u00a0<strong>VOC\u00ca<\/strong>\u00a0dever\u00e1 entrar em contato com a Autoridade atrav\u00e9s dos meios de contato disponibilizados pela mesma.<\/p><\/td><\/tr><\/tbody><\/table><p><strong>Dados pessoais sens\u00edveis s\u00e3o tratados pela ABBIOM?<\/strong><\/p><p>A Lei Geral de Prote\u00e7\u00e3o de Dados (13.709\/18) considera dados pessoais sens\u00edveis os dados sobre origem racial ou \u00e9tnica, convic\u00e7\u00e3o religiosa, opini\u00e3o pol\u00edtica, filia\u00e7\u00e3o a sindicato ou a organiza\u00e7\u00e3o de car\u00e1ter religioso, filos\u00f3fico ou pol\u00edtico, dado referente a sa\u00fade e \u00e0 vida sexual, dado gen\u00e9tico ou biom\u00e9trico, quando vinculado \u00e0 uma pessoa natural.<\/p><p>Para participa\u00e7\u00e3o nos Eventos,\u00a0<u>a ABBIOM\u00a0n\u00e3o solicita ou trata quaisquer dados pessoais sens\u00edveis, assim considerados pela\u00a0<\/u><strong>LGPD<\/strong><u>.<\/u><\/p><p><strong>A ABBIOM\u00a0compartilha seus dados com terceiros?<\/strong><\/p><p>Os dados que\u00a0<strong>VOC\u00ca<\/strong>\u00a0fornece s\u00e3o tratados por terceiros Organizadores do Evento\u00a0para dar cumprimento ao mesmo.<\/p><p>Todas as empresas envolvidas no processo de realiza\u00e7\u00e3o dos nossos eventos, inclusive a EVENTOGYN, empresa de sorftware respons\u00e1vel pelas sites e software de inscri\u00e7\u00f5es,<strong>\u00a0n\u00e3o possuem permiss\u00e3o<\/strong>\u00a0para tratar os seus dados para fim diverso do que aqui previsto, ou seja, para o regular desempenho das obriga\u00e7\u00f5es contratadas e vinculadas \u00e0 realiza\u00e7\u00e3o do congresso.<\/p><p>As informa\u00e7\u00f5es de dados pessoais (nome, e-mail e telefone) disponibilizados pelos inscritos poder\u00e3o ser compartilhadas pela ABBIOM com pessoas f\u00edsicas ou jur\u00eddicas, de direito p\u00fablico ou privado respons\u00e1veis pelo patroc\u00ednio do evento.<\/p><p>Os pagamentos das taxas de inscri\u00e7\u00e3o s\u00e3o realizados por meio de seu cadastro na plataforma EVENTOGYN que possui integra\u00e7\u00e3o com a\u00a0<strong>ZOOP.COM.BR<\/strong>\u00a0para realiza\u00e7\u00e3o de pagamentos.\u00a0<strong>VOC\u00ca<\/strong>\u00a0poder\u00e1 visitar a Pol\u00edtica de Privacidade da EVENTOGYN no seguinte link\u00a0<a href=\"https:\/\/eventogyn.com.br\/privacidade\/\">https:\/\/eventogyn.com.br\/privacidade\/<\/a>\u00a0e da PAGAR.ME em:\u00a0<a href=\"https:\/\/pagar.me\/aviso-de-privacidade\">https:\/\/pagar.me\/aviso-de-privacidade<\/a>.<\/p><p><strong>E em rela\u00e7\u00e3o ao envio de conte\u00fados, a ABBIOM\u00a0encaminha e-mails promocionais?<\/strong><\/p><p>Quando VOC\u00ca se inscreve para participar do evento a ABBIOM, presume que VOC\u00ca tem interesse no tema, raz\u00e3o pela qual, a ABBIOM det\u00e9m o leg\u00edtimo interesse de lhe enviar conte\u00fados adicionais sobre os temas discutidos e sobre novos eventos, ap\u00f3s a realiza\u00e7\u00e3o do congresso.<\/p><p>Por isso, exclusivamente o seu e-mail permanecer\u00e1 no banco de dados da ABBIOM para envio de conte\u00fado relacionado \u00e0 Biomedicina. A frequ\u00eancia de tais envios n\u00e3o ser\u00e1 alta. Todavia, VOC\u00ca poder\u00e1 exercer o seu direito de interromper o recebimento de tais correspond\u00eancias de conte\u00fado clicando no link de descadastramento que ser\u00e1 disponibilizado em cada e-mail enviado, ou ainda, enviando um e-mail para a ABBIOM.<\/p><p>O pedido de descadastramento n\u00e3o ser\u00e1 realizado para as comunica\u00e7\u00f5es que forem necess\u00e1rias sobre o congresso para o qual VOC\u00ca estiver inscrito a participar, porquanto essa \u00e9 a forma de comunica\u00e7\u00e3o da organiza\u00e7\u00e3o com VOC\u00ca para prestar-lhe informa\u00e7\u00f5es de seu interesse, como qualquer atualiza\u00e7\u00e3o, cancelamento, altera\u00e7\u00e3o de programa\u00e7\u00e3o, palestrantes, hor\u00e1rios, entre outros.<\/p><p><strong>Por quanto tempo seus dados pessoais ficam com a ABBIOM<\/strong>?<\/p><p>Os seus dados pessoais s\u00e3o armazenados pela ABBIOM\u00a0na plataforma\u00a0<strong>EventoGYN<\/strong>\u00a0durante o per\u00edodo necess\u00e1rio para a realiza\u00e7\u00e3o do congresso do qual\u00a0<strong>VOC\u00ca<\/strong>\u00a0participar\u00e1, e ap\u00f3s o congresso, para que voc\u00ea possa emitir os certificados digitais de participa\u00e7\u00e3o no evento, e ainda autentica\u00e7\u00e3o do certificado. O apagamento dos dados tornaria todos os certificados do evento inv\u00e1lidos, se consultados em um cart\u00f3rio ou institui\u00e7\u00e3o que VOC\u00ca apresentar para fins de autentica\u00e7\u00e3o por exemplo.<\/p><p>Dessa forma, a ABBIOM\u00a0e a EventoGYN mant\u00e9m seus dados em seguran\u00e7a por tempo indeterminado, salvo para eventos com tempo de emiss\u00e3o e autentica\u00e7\u00e3o de certificados definidos sem que haja preju\u00edzo para os participantes. Voc\u00ea poder\u00e1 exercer seu direito de elimina\u00e7\u00e3o de seus dados a qualquer momento, entrando em contato com FIMTPODER ou a EventoGYN em\u00a0<strong>privacidade@eventogyn.com.br<\/strong>. Tenha em conta que seus Certificados deixar\u00e3o de existir e que qualquer tentativa de consultar autenticidade do(s) mesmo(s), ser\u00e1 retornada como inexistente.<\/p><p><strong>Como A ABBIOM protege os seus dados pessoais?<\/strong><\/p><p>A ABBIOM\u00a0utiliza a plataforma EventoGYN desde a primeira edi\u00e7\u00e3o do COMERV. N\u00f3s levamos a s\u00e9rio a seguran\u00e7a dos seus dados pessoais. Por isso, possu\u00edmos diretrizes e controles internos para garantir que seus dados n\u00e3o sejam perdidos, acidentalmente destru\u00eddos, mal utilizados e n\u00e3o sejam acessados indevidamente, exceto por funcion\u00e1rios e\/ou contratados respons\u00e1veis pelo desempenho das atividades vinculadas a realiza\u00e7\u00e3o dos eventos. Voc\u00ea pode conhecer a pol\u00edtica de privacidade da EventoGYN em: https:\/\/eventogyn.com.br\/privacidade\/.<\/p><p><strong>Como exercer os seus direitos?<\/strong><\/p><p>Para exercer os direitos descritos acima, bem como para ter informa\u00e7\u00f5es sobre o tratamento de dados pessoais realizados pela ABBIOM,\u00a0<strong>VOC\u00ca<\/strong>\u00a0poder entrar em contato com:\u00a0<strong><em>eventos@gcreventosgo.com.br <\/em><\/strong>ou diretamente com a empresa de software em\u00a0<a href=\"mailto:privacidade@eventogyn.com.br\">privacidade@eventogyn.com.br<\/a>.<\/p><p><strong>Disposi\u00e7\u00f5es finais<\/strong><\/p><p>Ao navegar e utilizar nosso site, voc\u00ea aceita todo o disposto nesta Pol\u00edtica e demais pol\u00edticas legais que se encontram vigentes na data de acesso.<\/p><p>Esta Pol\u00edtica de Privacidade e Tratamento de Dados est\u00e1 sujeita a constante melhorias e aprimoramentos. Dessa forma, a ABBIOM<strong>\u00a0<\/strong>se reserva o direito de modific\u00e1-la a qualquer momento, bem como para adequa\u00e7\u00e3o e conformidade legal de disposi\u00e7\u00e3o de lei ou norma que tenha for\u00e7a jur\u00eddica equivalente, cabendo aos usu\u00e1rios verific\u00e1-la sempre que efetuar o acesso ao site do COMERV. Por isso, recomenda-se que\u00a0<strong>VOC\u00ca<\/strong>\u00a0leia e revise essa Pol\u00edtica sempre que for utilizar nossos servi\u00e7os. Todas as altera\u00e7\u00f5es e\/ou atualiza\u00e7\u00f5es surtir\u00e3o efeitos a partir da publica\u00e7\u00e3o. Se\u00a0<strong>VOC\u00ca<\/strong>\u00a0fornecer dados pessoais ap\u00f3s as altera\u00e7\u00f5es e\/ou atualiza\u00e7\u00f5es,\u00a0<strong>VOC\u00ca<\/strong>\u00a0estar\u00e1 manifestando a sua concord\u00e2ncia com as novas regras.<\/p><p>Sempre que poss\u00edvel, potenciais diverg\u00eancias entre o usu\u00e1rio participante e a ABBIOM\u00a0ser\u00e3o resolvidas de forma amig\u00e1vel. Quando todos os esfor\u00e7os neste sentido forem esgotados, voc\u00ea concorda, desde j\u00e1, que fica eleito o foro da comarca de Goi\u00e2nia, no Estado de Goi\u00e1s, para resolver controv\u00e9rsias ou queixas oriundas da utiliza\u00e7\u00e3o de nossa plataforma ou relacionadas a esta Pol\u00edtica de Privacidade e Tratamento de Dados.<\/p><p><strong>Como entrar em contato com a ABBIOM?<\/strong><\/p><p>Se ap\u00f3s a leitura da presente Pol\u00edtica\u00a0<strong>VOC\u00ca<\/strong>\u00a0tiver alguma d\u00favida, coment\u00e1rio ou solicita\u00e7\u00e3o, entre em contato com a ABBIOM\u00a0por e-mail, para o seguinte endere\u00e7o:\u00a0<strong><em><a href=\"mailto:eventos@gcreventosgo.com.br\">eventos@gcreventosgo.com.br<\/a> <\/em><\/strong>ou\u00a0<a href=\"mailto:privacidade@eventogyn.com.br\">privacidade@eventogyn.com.br<\/a>.<\/p><p><strong>A ABBIOM<\/strong>\u00a0enviar\u00e1 uma resposta em at\u00e9 05 (cinco) dias a partir do recebimento do seu contato.<\/p>\t\t\t\t\t\t\t\t<\/div>\n\t\t\t\t<\/div>\n\t\t\t\t\t<\/div>\n\t\t<\/div>\n\t\t\t\t\t<\/div>\n\t\t<\/section>\n\t\t\t\t<\/div>\n\t\t","protected":false},"excerpt":{"rendered":"<p>Defini\u00e7\u00f5es Gerais A\u00a0 Associa\u00e7\u00e3o de Biom\u00e9dicos da 3\u00aa Regi\u00e3o (ABM-3) e Associa\u00e7\u00e3o Brasileira de Biomedicina (ABBIOM) deseja manter uma rela\u00e7\u00e3o de confian\u00e7a e transpar\u00eancia junto a todos os participantes de Eventos com quem se relaciona. Por isso, elaboramos esta Pol\u00edtica de Privacidade e Tratamento de Dados para lhe auxiliar a entender quais informa\u00e7\u00f5es suas n\u00f3s [&hellip;]<\/p>\n","protected":false},"author":1,"featured_media":0,"parent":0,"menu_order":0,"comment_status":"closed","ping_status":"closed","template":"elementor_header_footer","meta":{"footnotes":""},"class_list":["post-624","page","type-page","status-publish","hentry"],"aioseo_notices":[],"_links":{"self":[{"href":"https:\/\/sienesppge.com.br\/2023\/wp-json\/wp\/v2\/pages\/624","targetHints":{"allow":["GET"]}}],"collection":[{"href":"https:\/\/sienesppge.com.br\/2023\/wp-json\/wp\/v2\/pages"}],"about":[{"href":"https:\/\/sienesppge.com.br\/2023\/wp-json\/wp\/v2\/types\/page"}],"author":[{"embeddable":true,"href":"https:\/\/sienesppge.com.br\/2023\/wp-json\/wp\/v2\/users\/1"}],"replies":[{"embeddable":true,"href":"https:\/\/sienesppge.com.br\/2023\/wp-json\/wp\/v2\/comments?post=624"}],"version-history":[{"count":10,"href":"https:\/\/sienesppge.com.br\/2023\/wp-json\/wp\/v2\/pages\/624\/revisions"}],"predecessor-version":[{"id":710,"href":"https:\/\/sienesppge.com.br\/2023\/wp-json\/wp\/v2\/pages\/624\/revisions\/710"}],"wp:attachment":[{"href":"https:\/\/sienesppge.com.br\/2023\/wp-json\/wp\/v2\/media?parent=624"}],"curies":[{"name":"wp","href":"https:\/\/api.w.org\/{rel}","templated":true}]}}